{"id":417,"date":"2020-05-12T17:04:03","date_gmt":"2020-05-12T17:04:03","guid":{"rendered":"https:\/\/recursosdiario.com\/webmaster\/?page_id=417"},"modified":"2023-05-30T11:16:41","modified_gmt":"2023-05-30T15:16:41","slug":"webmaster","status":"publish","type":"page","link":"https:\/\/recursosdiario.com\/webmaster\/","title":{"rendered":"Inicio"},"content":{"rendered":"<h4><strong>Recursos Creativos e Interesantes<\/strong><\/h4>\n<p><img loading=\"lazy\" decoding=\"async\" src=\"https:\/\/recursosdiario.com\/webmaster\/wp-content\/uploads\/2020\/03\/004-300x200.jpg\" alt=\"\" width=\"300\" height=\"200\" \/><\/p>\n<h3>Informaci\u00f3n Esencial<\/h3>\n<h3>Informaci\u00f3n para trabajo, empresa, negocio, proyecto. En Internet y Local. Gu\u00edas y Cursos.<\/h3>\n<h4>Videojuego Minecraft Seguro <br \/>Con Gran Cantidad de Espacio (Gigabytes) <br \/>Servidor Minecraft. Por un M\u00ednimo Costo Mensual<\/h4>\n<p>\t\t\t\t\t\t\t\t\t\t\t\t<img decoding=\"async\" width=\"400\" height=\"212\" src=\"https:\/\/recursosdiario.com\/webmaster\/wp-content\/uploads\/2021\/01\/015-500x265.jpg\" alt=\"\" loading=\"lazy\" srcset=\"https:\/\/recursosdiario.com\/webmaster\/wp-content\/uploads\/2021\/01\/015-500x265.jpg 500w, https:\/\/recursosdiario.com\/webmaster\/wp-content\/uploads\/2021\/01\/015-300x159.jpg 300w, https:\/\/recursosdiario.com\/webmaster\/wp-content\/uploads\/2021\/01\/015-768x407.jpg 768w, https:\/\/recursosdiario.com\/webmaster\/wp-content\/uploads\/2021\/01\/015.jpg 1280w\" sizes=\"auto, (max-width: 400px) 100vw, 400px\" \/><br \/>\n\t\t\t<a href=\"https:\/\/recursosdiario.com\/webmaster\/?p=1418\" target=\"_blank\" role=\"button\" rel=\"noopener\"><br \/>\n\t\t\t\t\t\tMinecraft Videojuego<br \/>\n\t\t\t\t\t<\/a><br \/>\n\t\t\t<iframe loading=\"lazy\" src=\"https:\/\/recursosdiario.com\/banner\/soft\/728_90\/001.html\" height=\"120\" width=\"750\"><\/iframe><br \/>\n\t\t[su_button url=\u00bbhttps:\/\/translate.google.com\/?hl=es\u00bb target=\u00bbblank\u00bb style=\u00bbsoft\u00bb background=\u00bb#1f157d\u00bb color=\u00bb#e6f2fc\u00bb size=\u00bb10&#8243; center=\u00bbyes\u00bb radius=\u00bbround\u00bb icon=\u00bbicon: language\u00bb title=\u00bblanguage\u00bb id=\u00bblanguage\u00bb]Language[\/su_button][su_button url=\u00bbhttps:\/\/tiny.one\/seguir\u00bb target=\u00bbblank\u00bb style=\u00bbsoft\u00bb background=\u00bb#e24e39&#8243; color=\u00bb#fde7e5&#8243; size=\u00bb10&#8243; center=\u00bbyes\u00bb radius=\u00bbround\u00bb icon=\u00bbicon: user-o\u00bb title=\u00bbseguir\u00bb id=\u00bbseguir\u00bb]Seguir[\/su_button][su_button url=\u00bbhttps:\/\/rotf.lol\/chat\u00bb target=\u00bbblank\u00bb style=\u00bbflat\u00bb background=\u00bbblue\u00bb color=\u00bbwhite\u00bb size=\u00bb10&#8243; center=\u00bbyes\u00bb radius=\u00bbround\u00bb icon=\u00bbicon: user-circle-o\u00bb title=\u00bbsoporte\u00bb id=\u00bbsoporte\u00bb]Chat[\/su_button]<br \/>\n\t\t\t<a href=\"https:\/\/recursosdiario.com\/webmaster\/?page_id=418\" role=\"button\"><br \/>\n\t\t\t\t\t\tEntrar<br \/>\n\t\t\t\t\t<\/a><br \/>\n\t\t<rssapp-ticker id=\"Oz6NaH1I3nhDbdqY\"><\/rssapp-ticker><br \/>\n\t\t\t<iframe src=\"https:\/\/www.alexamaster.net\/Master\/ana\/widget.php?i=91327\" style=\"width:128px;height:100px;border:none;overflow:hidden;\"><\/iframe><br \/>\n\t\t\t\t\t\t\t\t\t\t\t\t\t<a href=\"https:\/\/www.hostg.xyz\/SH5Ir\" target=\"_blank\" rel=\"noopener\"><br \/>\n\t\t\t\t\t\t\t<img decoding=\"async\" src=\"https:\/\/recursosdiario.com\/webmaster\/wp-content\/uploads\/2021\/01\/300-600-EN-hosting-web.jpg\" title=\"300-600-EN-hosting-web\" alt=\"300-600-EN-hosting-web\" loading=\"lazy\" \/>\t\t\t\t\t\t\t\t<\/a><\/p>\n","protected":false},"excerpt":{"rendered":"<p>Recursos Creativos e Interesantes Informaci\u00f3n Esencial Informaci\u00f3n para trabajo, empresa, negocio, proyecto. En Internet y Local. Gu\u00edas y Cursos. Videojuego Minecraft Seguro Con Gran Cantidad de Espacio (Gigabytes) Servidor Minecraft. Por un M\u00ednimo Costo Mensual Minecraft Videojuego [su_button url=\u00bbhttps:\/\/translate.google.com\/?hl=es\u00bb target=\u00bbblank\u00bb style=\u00bbsoft\u00bb background=\u00bb#1f157d\u00bb color=\u00bb#e6f2fc\u00bb size=\u00bb10&#8243; center=\u00bbyes\u00bb radius=\u00bbround\u00bb icon=\u00bbicon: language\u00bb title=\u00bblanguage\u00bb id=\u00bblanguage\u00bb]Language[\/su_button][su_button url=\u00bbhttps:\/\/tiny.one\/seguir\u00bb target=\u00bbblank\u00bb style=\u00bbsoft\u00bb background=\u00bb#e24e39&#8243; color=\u00bb#fde7e5&#8243; [&hellip;]<\/p>\n","protected":false},"author":1,"featured_media":0,"parent":0,"menu_order":0,"comment_status":"closed","ping_status":"closed","template":"","meta":{"site-sidebar-layout":"no-sidebar","site-content-layout":"plain-container","ast-site-content-layout":"","site-content-style":"default","site-sidebar-style":"default","ast-global-header-display":"","ast-banner-title-visibility":"","ast-main-header-display":"","ast-hfb-above-header-display":"","ast-hfb-below-header-display":"","ast-hfb-mobile-header-display":"","site-post-title":"disabled","ast-breadcrumbs-content":"","ast-featured-img":"","footer-sml-layout":"disabled","theme-transparent-header-meta":"disabled","adv-header-id-meta":"","stick-header-meta":"","header-above-stick-meta":"","header-main-stick-meta":"","header-below-stick-meta":"","astra-migrate-meta-layouts":"default","ast-page-background-enabled":"default","ast-page-background-meta":{"desktop":{"background-color":"","background-image":"","background-repeat":"repeat","background-position":"center center","background-size":"auto","background-attachment":"scroll","background-type":"","background-media":"","overlay-type":"","overlay-color":"","overlay-opacity":"","overlay-gradient":""},"tablet":{"background-color":"","background-image":"","background-repeat":"repeat","background-position":"center center","background-size":"auto","background-attachment":"scroll","background-type":"","background-media":"","overlay-type":"","overlay-color":"","overlay-opacity":"","overlay-gradient":""},"mobile":{"background-color":"","background-image":"","background-repeat":"repeat","background-position":"center center","background-size":"auto","background-attachment":"scroll","background-type":"","background-media":"","overlay-type":"","overlay-color":"","overlay-opacity":"","overlay-gradient":""}},"ast-content-background-meta":{"desktop":{"background-color":"var(--ast-global-color-5)","background-image":"","background-repeat":"repeat","background-position":"center center","background-size":"auto","background-attachment":"scroll","background-type":"","background-media":"","overlay-type":"","overlay-color":"","overlay-opacity":"","overlay-gradient":""},"tablet":{"background-color":"var(--ast-global-color-5)","background-image":"","background-repeat":"repeat","background-position":"center center","background-size":"auto","background-attachment":"scroll","background-type":"","background-media":"","overlay-type":"","overlay-color":"","overlay-opacity":"","overlay-gradient":""},"mobile":{"background-color":"var(--ast-global-color-5)","background-image":"","background-repeat":"repeat","background-position":"center center","background-size":"auto","background-attachment":"scroll","background-type":"","background-media":"","overlay-type":"","overlay-color":"","overlay-opacity":"","overlay-gradient":""}},"footnotes":""},"class_list":["post-417","page","type-page","status-publish","hentry"],"_links":{"self":[{"href":"https:\/\/recursosdiario.com\/webmaster\/wp-json\/wp\/v2\/pages\/417","targetHints":{"allow":["GET"]}}],"collection":[{"href":"https:\/\/recursosdiario.com\/webmaster\/wp-json\/wp\/v2\/pages"}],"about":[{"href":"https:\/\/recursosdiario.com\/webmaster\/wp-json\/wp\/v2\/types\/page"}],"author":[{"embeddable":true,"href":"https:\/\/recursosdiario.com\/webmaster\/wp-json\/wp\/v2\/users\/1"}],"replies":[{"embeddable":true,"href":"https:\/\/recursosdiario.com\/webmaster\/wp-json\/wp\/v2\/comments?post=417"}],"version-history":[{"count":250,"href":"https:\/\/recursosdiario.com\/webmaster\/wp-json\/wp\/v2\/pages\/417\/revisions"}],"predecessor-version":[{"id":3270,"href":"https:\/\/recursosdiario.com\/webmaster\/wp-json\/wp\/v2\/pages\/417\/revisions\/3270"}],"wp:attachment":[{"href":"https:\/\/recursosdiario.com\/webmaster\/wp-json\/wp\/v2\/media?parent=417"}],"curies":[{"name":"wp","href":"https:\/\/api.w.org\/{rel}","templated":true}]}}