{"id":975,"date":"2020-12-29T20:38:13","date_gmt":"2020-12-30T00:38:13","guid":{"rendered":"https:\/\/recursosdiario.com\/webmaster\/?page_id=975"},"modified":"2020-12-29T20:38:15","modified_gmt":"2020-12-30T00:38:15","slug":"acerca-de","status":"publish","type":"page","link":"https:\/\/recursosdiario.com\/webmaster\/acerca-de\/","title":{"rendered":"Acerca de"},"content":{"rendered":"\n<p class=\"has-text-color has-medium-font-size\" style=\"color:#176a8e\">La propuesta INFO. est\u00e1 basado (como su nombre lo indica) en una serie de Informaciones esenciales para un mejor trabajo por Internet (preferiblemente), aunque tambi\u00e9n a nivel Local. Ofrece una serie de recursos (desde Internet) interesantes para el usuario tanto gratis como de pago, siendo los de pago recursos que permiten avanzar hacia el \u00e9xito en alg\u00fan proyecto o trabajo. Las informaciones en global orientadas a: Profesi\u00f3n \/ Trabajo \/ Negocio \/ Empresa \/ Proyecto \/ Artesan\u00eda. Y recomendado para: Freelance \/ Webmaster \/ Comunity Manager \/ Profesionales \/ Creativos \/ Publicistas \/ Comerciantes \/ Inversionistas \/ Empresarios \/ Negociantes \/ Vendedores Independientes \/ Programadores \/ Podcast (creadores de contenido multimedia).<\/p>\n","protected":false},"excerpt":{"rendered":"<p>La propuesta INFO. est\u00e1 basado (como su nombre lo indica) en una serie de Informaciones esenciales para un mejor trabajo por Internet (preferiblemente), aunque tambi\u00e9n a nivel Local. Ofrece una serie de recursos (desde Internet) interesantes para el usuario tanto gratis como de pago, siendo los de pago recursos que permiten avanzar hacia el \u00e9xito [&hellip;]<\/p>\n","protected":false},"author":1,"featured_media":0,"parent":0,"menu_order":0,"comment_status":"closed","ping_status":"closed","template":"","meta":{"site-sidebar-layout":"default","site-content-layout":"default","ast-site-content-layout":"","site-content-style":"default","site-sidebar-style":"default","ast-global-header-display":"","ast-banner-title-visibility":"","ast-main-header-display":"","ast-hfb-above-header-display":"","ast-hfb-below-header-display":"","ast-hfb-mobile-header-display":"","site-post-title":"","ast-breadcrumbs-content":"","ast-featured-img":"","footer-sml-layout":"","theme-transparent-header-meta":"default","adv-header-id-meta":"","stick-header-meta":"","header-above-stick-meta":"","header-main-stick-meta":"","header-below-stick-meta":"","astra-migrate-meta-layouts":"default","ast-page-background-enabled":"default","ast-page-background-meta":{"desktop":{"background-color":"","background-image":"","background-repeat":"repeat","background-position":"center center","background-size":"auto","background-attachment":"scroll","background-type":"","background-media":"","overlay-type":"","overlay-color":"","overlay-opacity":"","overlay-gradient":""},"tablet":{"background-color":"","background-image":"","background-repeat":"repeat","background-position":"center center","background-size":"auto","background-attachment":"scroll","background-type":"","background-media":"","overlay-type":"","overlay-color":"","overlay-opacity":"","overlay-gradient":""},"mobile":{"background-color":"","background-image":"","background-repeat":"repeat","background-position":"center center","background-size":"auto","background-attachment":"scroll","background-type":"","background-media":"","overlay-type":"","overlay-color":"","overlay-opacity":"","overlay-gradient":""}},"ast-content-background-meta":{"desktop":{"background-color":"var(--ast-global-color-5)","background-image":"","background-repeat":"repeat","background-position":"center center","background-size":"auto","background-attachment":"scroll","background-type":"","background-media":"","overlay-type":"","overlay-color":"","overlay-opacity":"","overlay-gradient":""},"tablet":{"background-color":"var(--ast-global-color-5)","background-image":"","background-repeat":"repeat","background-position":"center center","background-size":"auto","background-attachment":"scroll","background-type":"","background-media":"","overlay-type":"","overlay-color":"","overlay-opacity":"","overlay-gradient":""},"mobile":{"background-color":"var(--ast-global-color-5)","background-image":"","background-repeat":"repeat","background-position":"center center","background-size":"auto","background-attachment":"scroll","background-type":"","background-media":"","overlay-type":"","overlay-color":"","overlay-opacity":"","overlay-gradient":""}},"footnotes":""},"class_list":["post-975","page","type-page","status-publish","hentry"],"_links":{"self":[{"href":"https:\/\/recursosdiario.com\/webmaster\/wp-json\/wp\/v2\/pages\/975","targetHints":{"allow":["GET"]}}],"collection":[{"href":"https:\/\/recursosdiario.com\/webmaster\/wp-json\/wp\/v2\/pages"}],"about":[{"href":"https:\/\/recursosdiario.com\/webmaster\/wp-json\/wp\/v2\/types\/page"}],"author":[{"embeddable":true,"href":"https:\/\/recursosdiario.com\/webmaster\/wp-json\/wp\/v2\/users\/1"}],"replies":[{"embeddable":true,"href":"https:\/\/recursosdiario.com\/webmaster\/wp-json\/wp\/v2\/comments?post=975"}],"version-history":[{"count":1,"href":"https:\/\/recursosdiario.com\/webmaster\/wp-json\/wp\/v2\/pages\/975\/revisions"}],"predecessor-version":[{"id":976,"href":"https:\/\/recursosdiario.com\/webmaster\/wp-json\/wp\/v2\/pages\/975\/revisions\/976"}],"wp:attachment":[{"href":"https:\/\/recursosdiario.com\/webmaster\/wp-json\/wp\/v2\/media?parent=975"}],"curies":[{"name":"wp","href":"https:\/\/api.w.org\/{rel}","templated":true}]}}